{"id":22,"date":"2025-03-12T12:35:02","date_gmt":"2025-03-12T12:35:02","guid":{"rendered":"https:\/\/turism.idaharju.ee\/?page_id=22"},"modified":"2025-06-26T12:04:53","modified_gmt":"2025-06-26T12:04:53","slug":"joining-the-database","status":"publish","type":"page","link":"https:\/\/turism.idaharju.ee\/en\/joining-the-database\/","title":{"rendered":"Joining the database"},"content":{"rendered":"<section class=\"bde-section-22-100 bde-section\">\n  \n  \n\t\n\n\n\n<div class=\"section-container\"><div class=\"bde-div-22-101 bde-div\">\n  \n  \n\t\n\n\n\n<h1 class=\"bde-heading-22-102 bde-heading\">\nApplication to join the database\n<\/h1>\n<\/div><div class=\"bde-div-22-103 bde-div\">\n  \n  \n\t\n\n\n\n<div class=\"bde-text-22-104 bde-text\">\nJoining the database is free of charge and will be done on an ongoing basis, according to the company's wishes and readiness. The database is open to all businesses offering local tourist facilities and services.\n<\/div><div class=\"bde-text-22-111 bde-text\">\nThe database is managed by the NGO Ida-Harju Koost\u00f6\u00f6koda. If you have any questions, please send an e-mail to info@idaharju.ee.\n<\/div><a class=\"bde-text-link-22-105 bde-text-link breakdance-link\" href=\"https:\/\/idaharju.ee\/\" target=\"_self\" data-type=\"url\">\n  Website of the East-Harju Cooperation Centre\n\n<\/a><div class=\"bde-div-22-106 bde-div\">\n  \n  \n\t\n\n\n\n<div class=\"bde-div-22-107 bde-div\">\n  \n  \n\t\n\n\n\n<div class=\"bde-text-22-108 bde-text\">\nContact:\n<\/div>\n<\/div><div class=\"bde-div-22-109 bde-div\">\n  \n  \n\t\n\n\n\n<div class=\"bde-text-22-110 bde-text\">\nNGO Ida-Harju Cooperation Chamber,\n<\/div><a class=\"bde-text-link-22-114 bde-text-link breakdance-link\" href=\"mailto:info@idaharju.ee\" target=\"_self\" data-type=\"url\">\n  info@idaharju.ee\n\n<\/a>\n<\/div>\n<\/div>\n<\/div><\/div>\n<\/section>","protected":false},"excerpt":{"rendered":"<p>Andmebaasiga liitumise avaldus Andmebaasiga liitumine on tasuta ning toimub jooksvalt vastavalt ettev\u00f5tte soovidele ja valmisolekule. Andmebaasiga saavad liituda k\u00f5ik kohalikke turismikohti ja -teenuseid pakkuvad ettev\u00f5tted. Andmebaasi haldaja on MT\u00dc Ida-Harju Koost\u00f6\u00f6koda. K\u00fcsimuste korral palume p\u00f6\u00f6rduda meiliaadressil info@idaharju.ee Ida-Harju Koost\u00f6\u00f6koja veebileht Kontakt: MT\u00dc Ida-Harju Koost\u00f6\u00f6koda, info@idaharju.ee<\/p>","protected":false},"author":2,"featured_media":0,"parent":0,"menu_order":0,"comment_status":"closed","ping_status":"closed","template":"","meta":{"_acf_changed":false,"inline_featured_image":false,"_breakdance_hide_in_design_set":false,"_breakdance_tags":"","footnotes":""},"class_list":["post-22","page","type-page","status-publish","hentry"],"acf":[],"_links":{"self":[{"href":"https:\/\/turism.idaharju.ee\/en\/wp-json\/wp\/v2\/pages\/22","targetHints":{"allow":["GET"]}}],"collection":[{"href":"https:\/\/turism.idaharju.ee\/en\/wp-json\/wp\/v2\/pages"}],"about":[{"href":"https:\/\/turism.idaharju.ee\/en\/wp-json\/wp\/v2\/types\/page"}],"author":[{"embeddable":true,"href":"https:\/\/turism.idaharju.ee\/en\/wp-json\/wp\/v2\/users\/2"}],"replies":[{"embeddable":true,"href":"https:\/\/turism.idaharju.ee\/en\/wp-json\/wp\/v2\/comments?post=22"}],"version-history":[{"count":5,"href":"https:\/\/turism.idaharju.ee\/en\/wp-json\/wp\/v2\/pages\/22\/revisions"}],"predecessor-version":[{"id":502,"href":"https:\/\/turism.idaharju.ee\/en\/wp-json\/wp\/v2\/pages\/22\/revisions\/502"}],"wp:attachment":[{"href":"https:\/\/turism.idaharju.ee\/en\/wp-json\/wp\/v2\/media?parent=22"}],"curies":[{"name":"wp","href":"https:\/\/api.w.org\/{rel}","templated":true}]}}