{"id":24,"date":"2025-03-12T12:35:24","date_gmt":"2025-03-12T12:35:24","guid":{"rendered":"https:\/\/turism.idaharju.ee\/?page_id=24"},"modified":"2025-05-15T12:19:24","modified_gmt":"2025-05-15T12:19:24","slug":"info","status":"publish","type":"page","link":"https:\/\/turism.idaharju.ee\/en\/info\/","title":{"rendered":"Info"},"content":{"rendered":"<section class=\"bde-section-24-100 bde-section\">\n  \n  \n\t\n\n\n\n<div class=\"section-container\"><div class=\"bde-div-24-101 bde-div\">\n  \n  \n\t\n\n\n\n<h1 class=\"bde-heading-24-103 bde-heading\">\nInfo\n<\/h1>\n<\/div><div class=\"bde-div-24-102 bde-div\">\n  \n  \n\t\n\n\n\n<div class=\"bde-text-24-104 bde-text\">\nThis database has been created under the auspices of the Ida-Harju Cooperation and is aimed at promoting and developing the region's tourism opportunities. The creation of the database has been supported by local initiatives and a number of collaborative projects to promote Ida-Harju as a diverse and attractive tourist destination.<br><br>The aim of the project is to create a viable and sustainable framework for bringing together and providing tourism sites and services in the area for both local residents and visitors. Particular attention will be paid to local businesses, accommodation, catering, active recreation and heritage conservation. The project's activities will encourage local tourism businesses and networks to offer a wide range of high-quality services that will help to raise the profile of the area and increase visitor numbers.<br><br>The Ida-Harju tourism development project is part of a broader cooperation bringing together different partners and businesses. Through joint projects and knowledge exchange, we hope to promote the tourism sector in the region and create new opportunities for local businesses.\n<\/div><a class=\"bde-text-link-24-106 bde-text-link breakdance-link\" href=\"https:\/\/idaharju.ee\/\" target=\"_self\" data-type=\"url\">\n  Website of the East-Harju Cooperation Centre\n\n<\/a><div class=\"bde-div-24-108 bde-div\">\n  \n  \n\t\n\n\n\n<div class=\"bde-div-24-110 bde-div\">\n  \n  \n\t\n\n\n\n<div class=\"bde-text-24-107 bde-text\">\nContact:\n<\/div>\n<\/div><div class=\"bde-div-24-109 bde-div\">\n  \n  \n\t\n\n\n\n<div class=\"bde-text-24-111 bde-text\">\nNGO Ida-Harju Cooperation Centre, info@idaharju.ee\n<\/div>\n<\/div>\n<\/div>\n<\/div><\/div>\n<\/section>","protected":false},"excerpt":{"rendered":"<p>Info K\u00e4esolev andmebaas on valminud Ida-Harju Koost\u00f6\u00f6koja eestvedamisel ning on suunatud piirkonna turismiv\u00f5imaluste tutvustamisele ja arendamisele. Andmebaasi loomist toetasid kohalikud algatused ning paljud koost\u00f6\u00f6projektid, et edendada Ida-Harju kui mitmekesist ja atraktiivset turismisihtkohta.Projekti eesm\u00e4rgiks on luua toimiv ja j\u00e4tkusuutlik raamistik piirkonna turismikohtade ja -teenuste koondamiseks ning pakkumiseks nii kohalikele elanikele kui ka k\u00fclastajatele. Erilist t\u00e4helepanu p\u00f6\u00f6ratakse [&hellip;]<\/p>","protected":false},"author":2,"featured_media":0,"parent":0,"menu_order":0,"comment_status":"closed","ping_status":"closed","template":"","meta":{"_acf_changed":false,"inline_featured_image":false,"_breakdance_hide_in_design_set":false,"_breakdance_tags":"","footnotes":""},"class_list":["post-24","page","type-page","status-publish","hentry"],"acf":[],"_links":{"self":[{"href":"https:\/\/turism.idaharju.ee\/en\/wp-json\/wp\/v2\/pages\/24","targetHints":{"allow":["GET"]}}],"collection":[{"href":"https:\/\/turism.idaharju.ee\/en\/wp-json\/wp\/v2\/pages"}],"about":[{"href":"https:\/\/turism.idaharju.ee\/en\/wp-json\/wp\/v2\/types\/page"}],"author":[{"embeddable":true,"href":"https:\/\/turism.idaharju.ee\/en\/wp-json\/wp\/v2\/users\/2"}],"replies":[{"embeddable":true,"href":"https:\/\/turism.idaharju.ee\/en\/wp-json\/wp\/v2\/comments?post=24"}],"version-history":[{"count":5,"href":"https:\/\/turism.idaharju.ee\/en\/wp-json\/wp\/v2\/pages\/24\/revisions"}],"predecessor-version":[{"id":351,"href":"https:\/\/turism.idaharju.ee\/en\/wp-json\/wp\/v2\/pages\/24\/revisions\/351"}],"wp:attachment":[{"href":"https:\/\/turism.idaharju.ee\/en\/wp-json\/wp\/v2\/media?parent=24"}],"curies":[{"name":"wp","href":"https:\/\/api.w.org\/{rel}","templated":true}]}}