{"id":26,"date":"2025-03-12T12:35:33","date_gmt":"2025-03-12T12:35:33","guid":{"rendered":"https:\/\/turism.idaharju.ee\/?page_id=26"},"modified":"2025-06-11T11:14:44","modified_gmt":"2025-06-11T11:14:44","slug":"contact","status":"publish","type":"page","link":"https:\/\/turism.idaharju.ee\/en\/contact\/","title":{"rendered":"Contact"},"content":{"rendered":"<section class=\"bde-section-26-101 bde-section\">\n  \n  \n\t\n\n\n\n<div class=\"section-container\"><div class=\"bde-div-26-102 bde-div\">\n  \n  \n\t\n\n\n\n<h1 class=\"bde-heading-26-103 bde-heading\">\nContact\n<\/h1>\n<\/div><div class=\"bde-div-26-104 bde-div\">\n  \n  \n\t\n\n\n\n<div class=\"bde-div-26-113 bde-div\">\n  \n  \n\t\n\n\n\n<div class=\"bde-text-26-105 bde-text\">\nNGO Ida-Harju Cooperation Chamber\n<\/div><div class=\"bde-text-26-114 bde-text\">\nTallinna mnt 24, Aruk\u00fcla<br>75201 Harjumaa\n<\/div><a class=\"bde-text-link-26-106 bde-text-link breakdance-link\" href=\"mailto:info@idaharju.ee?subject=&amp;body=\" target=\"_self\" data-type=\"contact\">\n  info@idaharju.ee\n\n<\/a><div class=\"bde-text-26-112 bde-text\">\nRegistration number: 80272830<br>IBAN: EE767700771003176710 (AS LHV Bank)\n<\/div>\n<\/div><div class=\"bde-div-26-115 bde-div\">\n  \n  \n\t\n\n\n\n<div class=\"bde-text-26-116 bde-text\">\nDevelopment Manager\n<\/div><div class=\"bde-text-26-117 bde-text\">\nBreastfeeding Noor\n<\/div><a class=\"bde-text-link-26-118 bde-text-link breakdance-link\" href=\"mailto:sille@idaharju.ee?subject=&amp;body=\" target=\"_self\" data-type=\"contact\">\n  sille@idaharju.ee\n\n<\/a><div class=\"bde-text-26-119 bde-text\">\ntelephone +372 56 945 872\n<\/div>\n<\/div>\n<\/div><div class=\"bde-div-26-125 bde-div\">\n  \n  \n\t\n\n\n\n<div class=\"bde-div-26-126 bde-div\">\n  \n  \n\t\n\n\n\n<div class=\"bde-text-26-127 bde-text\">\nAction Coordinator - Communication Specialist<br>\n<\/div><div class=\"bde-text-26-128 bde-text\">\nKaja Traagel\n<\/div><a class=\"bde-text-link-26-129 bde-text-link breakdance-link\" href=\"mailto:kaja@idaharju.ee?subject=&amp;body=\" target=\"_self\" data-type=\"contact\">\n  kaja@idaharju.ee\n\n<\/a><div class=\"bde-text-26-130 bde-text\">\ntelephone +372 56 945 871\n<\/div>\n<\/div>\n<\/div><div class=\"bde-text-26-141 bde-text\">\nDue to work commitments we may be away from the office, please contact us to arrange a meeting!\n<\/div><\/div>\n<\/section>","protected":false},"excerpt":{"rendered":"<p>Kontakt MT\u00dc Ida-Harju Koost\u00f6\u00f6koda Tallinna mnt 24, Aruk\u00fcla75201 Harjumaa info@idaharju.ee Registrikood: 80272830IBAN: EE767700771003176710 (AS LHV Pank) Arendusjuht Sille Noor sille@idaharju.ee telefon: +372 56 945 872 Meetmete koordinaator-kommunikatsioonispetsialist Kaja Traagel kaja@idaharju.ee telefon: +372 56 945 871 Oma t\u00f6\u00f6 t\u00f5ttu v\u00f5ime olla kontorist eemal, palun v\u00f5tke meiega \u00fchendust ja lepime kohtumise aja kokku!<\/p>","protected":false},"author":2,"featured_media":0,"parent":0,"menu_order":0,"comment_status":"closed","ping_status":"closed","template":"","meta":{"_acf_changed":false,"inline_featured_image":false,"_breakdance_hide_in_design_set":false,"_breakdance_tags":"","footnotes":""},"class_list":["post-26","page","type-page","status-publish","hentry"],"acf":[],"_links":{"self":[{"href":"https:\/\/turism.idaharju.ee\/en\/wp-json\/wp\/v2\/pages\/26","targetHints":{"allow":["GET"]}}],"collection":[{"href":"https:\/\/turism.idaharju.ee\/en\/wp-json\/wp\/v2\/pages"}],"about":[{"href":"https:\/\/turism.idaharju.ee\/en\/wp-json\/wp\/v2\/types\/page"}],"author":[{"embeddable":true,"href":"https:\/\/turism.idaharju.ee\/en\/wp-json\/wp\/v2\/users\/2"}],"replies":[{"embeddable":true,"href":"https:\/\/turism.idaharju.ee\/en\/wp-json\/wp\/v2\/comments?post=26"}],"version-history":[{"count":5,"href":"https:\/\/turism.idaharju.ee\/en\/wp-json\/wp\/v2\/pages\/26\/revisions"}],"predecessor-version":[{"id":504,"href":"https:\/\/turism.idaharju.ee\/en\/wp-json\/wp\/v2\/pages\/26\/revisions\/504"}],"wp:attachment":[{"href":"https:\/\/turism.idaharju.ee\/en\/wp-json\/wp\/v2\/media?parent=26"}],"curies":[{"name":"wp","href":"https:\/\/api.w.org\/{rel}","templated":true}]}}